{"id":523,"date":"2023-12-20T11:59:34","date_gmt":"2023-12-20T16:59:34","guid":{"rendered":"https:\/\/joseegagnon.com\/?page_id=523"},"modified":"2023-12-20T11:59:34","modified_gmt":"2023-12-20T16:59:34","slug":"accueil","status":"publish","type":"page","link":"https:\/\/joseegagnon.com\/en\/","title":{"rendered":"Home"},"content":{"rendered":"","protected":false},"excerpt":{"rendered":"","protected":false},"author":121,"featured_media":0,"parent":0,"menu_order":0,"comment_status":"closed","ping_status":"closed","template":"home.php","meta":{"_acf_changed":false,"footnotes":""},"class_list":["post-523","page","type-page","status-publish","hentry"],"acf":[],"yoast_head":"<!-- This site is optimized with the Yoast SEO plugin v26.7 - https:\/\/yoast.com\/wordpress\/plugins\/seo\/ -->\n<title>Home - Jos\u00e9e Gagnon - Via Capitale<\/title>\n<meta name=\"description\" content=\"Courtier Immobilier Saguenay, La Baie, Laterri\u00e8re D\u00e9couvrez de belles propri\u00e9t\u00e9s \u00e0 vendre \u00e0 Saguenay, La Baie, Laterri\u00e8re avec Jos\u00e9e Gagnon, courtier immobilier Via Capitale Saguenay Lac St-jean Info : 418-541-0528.\" \/>\n<meta name=\"robots\" content=\"index, follow, max-snippet:-1, max-image-preview:large, max-video-preview:-1\" \/>\n<link rel=\"canonical\" href=\"https:\/\/joseegagnon.com\/\" \/>\n<meta property=\"og:locale\" content=\"en_US\" \/>\n<meta property=\"og:type\" content=\"article\" \/>\n<meta property=\"og:title\" content=\"Home - Jos\u00e9e Gagnon - Via Capitale\" \/>\n<meta property=\"og:description\" content=\"Courtier Immobilier Saguenay, La Baie, Laterri\u00e8re D\u00e9couvrez de belles propri\u00e9t\u00e9s \u00e0 vendre \u00e0 Saguenay, La Baie, Laterri\u00e8re avec Jos\u00e9e Gagnon, courtier immobilier Via Capitale Saguenay Lac St-jean Info : 418-541-0528.\" \/>\n<meta property=\"og:url\" content=\"https:\/\/joseegagnon.com\/\" \/>\n<meta property=\"og:site_name\" content=\"Jos\u00e9e Gagnon - Via Capitale\" \/>\n<meta property=\"og:image\" content=\"https:\/\/joseegagnon.com\/files\/2023\/12\/header_kamelo.jpg\" \/>\n<meta name=\"twitter:card\" content=\"summary_large_image\" \/>\n<meta name=\"twitter:image\" content=\"https:\/\/joseegagnon.com\/files\/2023\/12\/header_kamelo.jpg\" \/>\n<script type=\"application\/ld+json\" class=\"yoast-schema-graph\">{\"@context\":\"https:\/\/schema.org\",\"@graph\":[{\"@type\":\"WebPage\",\"@id\":\"https:\/\/joseegagnon.com\/\",\"url\":\"https:\/\/joseegagnon.com\/\",\"name\":\"[:fr]Accueil[:en]Home[:] - Jos\u00e9e Gagnon - Via Capitale\",\"isPartOf\":{\"@id\":\"https:\/\/joseegagnon.com\/#website\"},\"datePublished\":\"2023-12-20T16:59:34+00:00\",\"description\":\"Courtier Immobilier Saguenay, La Baie, Laterri\u00e8re D\u00e9couvrez de belles propri\u00e9t\u00e9s \u00e0 vendre \u00e0 Saguenay, La Baie, Laterri\u00e8re avec Jos\u00e9e Gagnon, courtier immobilier Via Capitale Saguenay Lac St-jean Info : 418-541-0528.\",\"breadcrumb\":{\"@id\":\"https:\/\/joseegagnon.com\/#breadcrumb\"},\"inLanguage\":\"en-US\",\"potentialAction\":[{\"@type\":\"ReadAction\",\"target\":[\"https:\/\/joseegagnon.com\/\"]}]},{\"@type\":\"BreadcrumbList\",\"@id\":\"https:\/\/joseegagnon.com\/#breadcrumb\",\"itemListElement\":[{\"@type\":\"ListItem\",\"position\":1,\"name\":\"Accueil\",\"item\":\"https:\/\/joseegagnon.com\/\"},{\"@type\":\"ListItem\",\"position\":2,\"name\":\"Accueil\"}]},{\"@type\":\"WebSite\",\"@id\":\"https:\/\/joseegagnon.com\/#website\",\"url\":\"https:\/\/joseegagnon.com\/\",\"name\":\"Jos\u00e9e Gagnon - Via Capitale\",\"description\":\"Real Estate Broker\",\"potentialAction\":[{\"@type\":\"SearchAction\",\"target\":{\"@type\":\"EntryPoint\",\"urlTemplate\":\"https:\/\/joseegagnon.com\/?s={search_term_string}\"},\"query-input\":{\"@type\":\"PropertyValueSpecification\",\"valueRequired\":true,\"valueName\":\"search_term_string\"}}],\"inLanguage\":\"en-US\"}]}<\/script>\n<!-- \/ Yoast SEO plugin. -->","yoast_head_json":{"title":"Home - Jos\u00e9e Gagnon - Via Capitale","description":"Courtier Immobilier Saguenay, La Baie, Laterri\u00e8re D\u00e9couvrez de belles propri\u00e9t\u00e9s \u00e0 vendre \u00e0 Saguenay, La Baie, Laterri\u00e8re avec Jos\u00e9e Gagnon, courtier immobilier Via Capitale Saguenay Lac St-jean Info : 418-541-0528.","robots":{"index":"index","follow":"follow","max-snippet":"max-snippet:-1","max-image-preview":"max-image-preview:large","max-video-preview":"max-video-preview:-1"},"canonical":"https:\/\/joseegagnon.com\/","og_locale":"en_US","og_type":"article","og_title":"Home - Jos\u00e9e Gagnon - Via Capitale","og_description":"Courtier Immobilier Saguenay, La Baie, Laterri\u00e8re D\u00e9couvrez de belles propri\u00e9t\u00e9s \u00e0 vendre \u00e0 Saguenay, La Baie, Laterri\u00e8re avec Jos\u00e9e Gagnon, courtier immobilier Via Capitale Saguenay Lac St-jean Info : 418-541-0528.","og_url":"https:\/\/joseegagnon.com\/","og_site_name":"Jos\u00e9e Gagnon - Via Capitale","og_image":[{"url":"https:\/\/joseegagnon.com\/files\/2023\/12\/header_kamelo.jpg","type":"","width":"","height":""}],"twitter_card":"summary_large_image","twitter_image":"https:\/\/joseegagnon.com\/files\/2023\/12\/header_kamelo.jpg","schema":{"@context":"https:\/\/schema.org","@graph":[{"@type":"WebPage","@id":"https:\/\/joseegagnon.com\/","url":"https:\/\/joseegagnon.com\/","name":"[:fr]Accueil[:en]Home[:] - Jos\u00e9e Gagnon - Via Capitale","isPartOf":{"@id":"https:\/\/joseegagnon.com\/#website"},"datePublished":"2023-12-20T16:59:34+00:00","description":"Courtier Immobilier Saguenay, La Baie, Laterri\u00e8re D\u00e9couvrez de belles propri\u00e9t\u00e9s \u00e0 vendre \u00e0 Saguenay, La Baie, Laterri\u00e8re avec Jos\u00e9e Gagnon, courtier immobilier Via Capitale Saguenay Lac St-jean Info : 418-541-0528.","breadcrumb":{"@id":"https:\/\/joseegagnon.com\/#breadcrumb"},"inLanguage":"en-US","potentialAction":[{"@type":"ReadAction","target":["https:\/\/joseegagnon.com\/"]}]},{"@type":"BreadcrumbList","@id":"https:\/\/joseegagnon.com\/#breadcrumb","itemListElement":[{"@type":"ListItem","position":1,"name":"Accueil","item":"https:\/\/joseegagnon.com\/"},{"@type":"ListItem","position":2,"name":"Accueil"}]},{"@type":"WebSite","@id":"https:\/\/joseegagnon.com\/#website","url":"https:\/\/joseegagnon.com\/","name":"Jos\u00e9e Gagnon - Via Capitale","description":"Real Estate Broker","potentialAction":[{"@type":"SearchAction","target":{"@type":"EntryPoint","urlTemplate":"https:\/\/joseegagnon.com\/?s={search_term_string}"},"query-input":{"@type":"PropertyValueSpecification","valueRequired":true,"valueName":"search_term_string"}}],"inLanguage":"en-US"}]}},"_links":{"self":[{"href":"https:\/\/joseegagnon.com\/en\/wp-json\/wp\/v2\/pages\/523","targetHints":{"allow":["GET"]}}],"collection":[{"href":"https:\/\/joseegagnon.com\/en\/wp-json\/wp\/v2\/pages"}],"about":[{"href":"https:\/\/joseegagnon.com\/en\/wp-json\/wp\/v2\/types\/page"}],"author":[{"embeddable":true,"href":"https:\/\/joseegagnon.com\/en\/wp-json\/wp\/v2\/users\/121"}],"replies":[{"embeddable":true,"href":"https:\/\/joseegagnon.com\/en\/wp-json\/wp\/v2\/comments?post=523"}],"version-history":[{"count":1,"href":"https:\/\/joseegagnon.com\/en\/wp-json\/wp\/v2\/pages\/523\/revisions"}],"predecessor-version":[{"id":524,"href":"https:\/\/joseegagnon.com\/en\/wp-json\/wp\/v2\/pages\/523\/revisions\/524"}],"wp:attachment":[{"href":"https:\/\/joseegagnon.com\/en\/wp-json\/wp\/v2\/media?parent=523"}],"curies":[{"name":"wp","href":"https:\/\/api.w.org\/{rel}","templated":true}]}}